{"id":498,"date":"2025-09-27T08:56:22","date_gmt":"2025-09-27T12:56:22","guid":{"rendered":"https:\/\/entorcha.org\/entorcha\/?page_id=498"},"modified":"2025-10-20T07:49:56","modified_gmt":"2025-10-20T11:49:56","slug":"nomina-para-el-archivo","status":"publish","type":"page","link":"https:\/\/entorcha.org\/entorcha\/index.php\/nomina-para-el-archivo\/","title":{"rendered":"Nomina para el archivo"},"content":{"rendered":"\n<p class=\"has-text-align-left\">\u00a1<strong>Nominar es f\u00e1cil<\/strong>!<\/p>\n\n\n\n<p>Puedes someter nominaciones en tres categor\u00edas: <strong>personas, organizaciones y eventos<\/strong> relacionados al dise\u00f1o en Puerto Rico y su di\u00e1spora.<\/p>\n\n\n\n<p>Antes de comenzar, te invitamos a leer las secciones <strong><a href=\"https:\/\/entorcha.org\/entorcha\/index.php\/como-usar-el-archivo\/\" data-type=\"page\" data-id=\"192\">C\u00f3mo usar el archivo<\/a><\/strong> y <strong><a href=\"https:\/\/entorcha.org\/entorcha\/index.php\/politica-de-privacidad\/\" data-type=\"page\" data-id=\"187\">Pol\u00edtica de privacidad<\/a><\/strong>, donde explicamos <strong>nuestro criterio y c\u00f3mo protegemos la informaci\u00f3n<\/strong>.<\/p>\n\n\n\n<p>Cada historia suma. <strong>Nomina y ayuda a rescatar la memoria colectiva del dise\u00f1o puertorrique\u00f1o.<\/strong><\/p>\n\n\n\n<p class=\"has-text-align-left\">Si te interesa colaborar en esta tarea de verificaci\u00f3n, <strong><a href=\"mailto:entorchainfo@gmail.com\">escr\u00edbenos<\/a> y \u00fanete al equipo de ENTORCHA<\/strong>.<\/p>\n\n\n\n<div class=\"wp-block-group is-content-justification-left is-nowrap is-layout-flex wp-container-core-group-is-layout-f56a869c wp-block-group-is-layout-flex\">\n<div class=\"wp-block-columns is-layout-flex wp-container-core-columns-is-layout-9d6595d7 wp-block-columns-is-layout-flex\">\n<div class=\"wp-block-column has-background is-layout-flow wp-block-column-is-layout-flow\" style=\"background-color:#ffffff;flex-basis:100%\">\n<div style=\"font-size:22px;--tainacan-base-font-size:22px;--tainacan-background-color:#ffffff00;--tainacan-input-color:#1d1d1d;--tainacan-input-background-color:#ffffff;--tainacan-input-border-color:#dbdbdb;--tainacan-label-color:#373839;--tainacan-info-color:#505253;--tainacan-primary:#d9eced;--tainacan-secondary:#bc3a37\" class=\"wp-block-tainacan-item-submission-form alignwide\"><div id=\"tainacan-item-submission-form\" data-module=\"item-submission-form\" data-collection-id=\"235\" data-hide-file-modal-button=\"true\" data-hide-text-modal-button=\"true\" data-hide-link-modal-button=\"true\" data-hide-thumbnail-section=\"true\" data-hide-attachments-section=\"true\" data-show-allow-comments-section=\"false\" data-hide-help-buttons=\"false\" data-hide-metadata-types=\"true\" data-hide-collapses=\"true\" data-enabled-metadata=\"{&quot;236&quot;:true,&quot;244&quot;:true,&quot;246&quot;:true,&quot;249&quot;:true,&quot;614&quot;:true,&quot;726&quot;:true,&quot;1112&quot;:false,&quot;1116&quot;:false,&quot;1133&quot;:true,&quot;1136&quot;:true,&quot;1222&quot;:true,&quot;1235&quot;:true,&quot;1241&quot;:true,&quot;1246&quot;:true,&quot;1251&quot;:true,&quot;1257&quot;:true,&quot;1267&quot;:true,&quot;1333&quot;:true,&quot;1352&quot;:true,&quot;1357&quot;:true,&quot;1360&quot;:true,&quot;1391&quot;:true,&quot;1403&quot;:true,&quot;1441&quot;:true,&quot;1444&quot;:true,&quot;1450&quot;:true,&quot;1559&quot;:true,&quot;1681&quot;:true,&quot;1863&quot;:true,&quot;1866&quot;:true,&quot;3480&quot;:true,&quot;3486&quot;:true,&quot;4078&quot;:true,&quot;4082&quot;:true,&quot;4544&quot;:true}\" data-sent-form-heading=\"Nominaci\u00f3n sometida\" data-sent-form-message=\"\u00a1Tu propuesta ha sido recibida por el equipo de ENTORCHA!\n\nTu nominaci\u00f3n ser\u00e1 verificada por el equipo de ENTORCHA, que confirmar\u00e1 los datos y evaluar\u00e1 si cumple con los criterios del archivo. Una vez aprobada, formar\u00e1 parte del mapa vivo de nuestro dise\u00f1o.\n\n\ud83d\udcec Recibir\u00e1s una contestaci\u00f3n por correo electr\u00f3nico una vez se revise tu nominaci\u00f3n. Ten presente que este proceso puede tomar tiempo, ya que es realizado por voluntarias y voluntarios comprometidos con esta labor.\n\n\u00a1Gracias por contribuir con tu nominaci\u00f3n!\" data-document-section-label=\"Document\" data-thumbnail-section-label=\"Thumbnail\" data-attachments-section-label=\"Attachments\" data-metadata-section-label=\"Nominar al archivo\" data-show-item-link-button=\"false\" data-show-terms-agreement-checkbox=\"true\" data-terms-agreement-message=\" <strong&gt;Confirmo que le\u00ed <\/strong&gt;<a href=&quot;https:\/\/entorcha.org\/entorcha\/index.php\/como-usar-el-archivo\/&quot; data-type=&quot;page&quot; data-id=&quot;192&quot; target=&quot;_blank&quot; rel=&quot;noreferrer noopener&quot;&gt;c\u00f3mo usar el archivo<\/a&gt;<strong&gt; y acepto la <\/strong&gt;<a href=&quot;https:\/\/entorcha.org\/entorcha\/index.php\/politica-de-privacidad\/&quot; data-type=&quot;page&quot; data-id=&quot;187&quot; target=&quot;_blank&quot; rel=&quot;noreferrer noopener&quot;&gt;pol\u00edtica de privacidad<\/a&gt;<strong&gt;.<\/strong&gt;\" data-item-link-button-label=\"Go to the item page\" data-help-info-bellow-label=\"true\" data-is-layout-steps=\"false\"><\/div><\/div>\n<\/div>\n<\/div>\n<\/div>\n\n\n\n<p><\/p>\n","protected":false},"excerpt":{"rendered":"<p>\u00a1Nominar es f\u00e1cil! Puedes someter nominaciones en tres categor\u00edas: personas, organizaciones y eventos relacionados al dise\u00f1o en Puerto Rico y su di\u00e1spora. Antes de comenzar, te invitamos a leer las secciones C\u00f3mo usar el archivo y Pol\u00edtica de privacidad, donde explicamos nuestro criterio y c\u00f3mo protegemos la informaci\u00f3n. Cada historia suma. Nomina y ayuda a [&hellip;]<\/p>\n","protected":false},"author":1,"featured_media":4469,"parent":0,"menu_order":0,"comment_status":"closed","ping_status":"closed","template":"","meta":{"footnotes":""},"class_list":["post-498","page","type-page","status-publish","has-post-thumbnail","hentry"],"_links":{"self":[{"href":"https:\/\/entorcha.org\/entorcha\/index.php\/wp-json\/wp\/v2\/pages\/498","targetHints":{"allow":["GET"]}}],"collection":[{"href":"https:\/\/entorcha.org\/entorcha\/index.php\/wp-json\/wp\/v2\/pages"}],"about":[{"href":"https:\/\/entorcha.org\/entorcha\/index.php\/wp-json\/wp\/v2\/types\/page"}],"author":[{"embeddable":true,"href":"https:\/\/entorcha.org\/entorcha\/index.php\/wp-json\/wp\/v2\/users\/1"}],"replies":[{"embeddable":true,"href":"https:\/\/entorcha.org\/entorcha\/index.php\/wp-json\/wp\/v2\/comments?post=498"}],"version-history":[{"count":53,"href":"https:\/\/entorcha.org\/entorcha\/index.php\/wp-json\/wp\/v2\/pages\/498\/revisions"}],"predecessor-version":[{"id":10753,"href":"https:\/\/entorcha.org\/entorcha\/index.php\/wp-json\/wp\/v2\/pages\/498\/revisions\/10753"}],"wp:featuredmedia":[{"embeddable":true,"href":"https:\/\/entorcha.org\/entorcha\/index.php\/wp-json\/wp\/v2\/media\/4469"}],"wp:attachment":[{"href":"https:\/\/entorcha.org\/entorcha\/index.php\/wp-json\/wp\/v2\/media?parent=498"}],"curies":[{"name":"wp","href":"https:\/\/api.w.org\/{rel}","templated":true}]}}