{"id":187,"date":"2025-09-04T14:07:26","date_gmt":"2025-09-04T14:07:26","guid":{"rendered":"https:\/\/entorcha.org\/entorcha\/?page_id=187"},"modified":"2025-10-20T18:21:38","modified_gmt":"2025-10-20T22:21:38","slug":"politica-de-privacidad","status":"publish","type":"page","link":"https:\/\/entorcha.org\/entorcha\/index.php\/politica-de-privacidad\/","title":{"rendered":"Pol\u00edtica de privacidad"},"content":{"rendered":"\n<h2 class=\"wp-block-heading\">Qui\u00e9nes somos<\/h2>\n\n\n\n<p>La direcci\u00f3n de nuestra web es: <a href=\"https:\/\/entorcha.org\" data-type=\"link\" data-id=\"https:\/\/entorcha.org\">entorcha.org<\/a>. Somos un colectivo que dona su tiempo de manera voluntaria.<\/p>\n\n\n\n<p>En ENTORCHA respetamos tu privacidad y el valor de tus aportaciones a nuestro archivo comunitario del dise\u00f1o de Puerto Rico y su di\u00e1spora.<\/p>\n\n\n\n<h3 class=\"wp-block-heading\">1. Datos que recopilamos<\/h3>\n\n\n\n<p>Cuando llenas el formulario de nominaciones, solicitamos algunos datos personales (como tu nombre y correo electr\u00f3nico). Estos datos nos ayudan \u00fanicamente a:<\/p>\n\n\n\n<ul class=\"wp-block-list\">\n<li>Contactarte en caso de necesitar aclaraciones sobre la informaci\u00f3n enviada.<\/li>\n\n\n\n<li>Notificarte si tu nominaci\u00f3n fue aceptada o no.<\/li>\n<\/ul>\n\n\n\n<h3 class=\"wp-block-heading\">2. Uso de la informaci\u00f3n<\/h3>\n\n\n\n<ul class=\"wp-block-list\">\n<li>La informaci\u00f3n personal que compartas <strong>no ser\u00e1 publicada en el archivo<\/strong>.<\/li>\n\n\n\n<li>No se compartir\u00e1 ni se vender\u00e1 a terceros bajo ninguna circunstancia.<\/li>\n\n\n\n<li>Ser\u00e1 utilizada \u00fanicamente por el equipo de ENTORCHA para fines internos de comunicaci\u00f3n y verificaci\u00f3n.<\/li>\n<\/ul>\n\n\n\n<h3 class=\"wp-block-heading\">3. Seguridad<\/h3>\n\n\n\n<p>Tomamos medidas razonables para proteger tus datos y asegurar que solo el equipo autorizado tenga acceso a ellos.<\/p>\n\n\n\n<h3 class=\"wp-block-heading\">4. Tus derechos<\/h3>\n\n\n\n<p>Puedes solicitarnos en cualquier momento que eliminemos tus datos de contacto de nuestro registro escribiendo a <strong><a>entorchainfo@gmail.com<\/a><\/strong>.<\/p>\n\n\n\n<h3 class=\"wp-block-heading\">5. Actualizaciones<\/h3>\n\n\n\n<p>ENTORCHA podr\u00e1 actualizar esta pol\u00edtica en el futuro para reflejar mejoras en el proyecto o cambios legales. Cuando esto ocurra, notificaremos a trav\u00e9s de nuestra p\u00e1gina web.<\/p>\n\n\n\n<h3 class=\"wp-block-heading\">6. Contenido incrustado de otros sitios web<\/h3>\n\n\n\n<p><strong class=\"privacy-policy-tutorial\"> <\/strong>Los ficheros y p\u00e1ginas de este sitio pueden incluir contenido incrustado (por ejemplo, v\u00eddeos, im\u00e1genes, art\u00edculos, etc.). El contenido incrustado de otras webs se comporta exactamente de la misma manera que si el visitante hubiera visitado la otra web. Es decir, ENTORCHA no tiene control sobre sus pol\u00edticas de privacidad y seguridad.<\/p>\n\n\n\n<p>Enlaces ha archivos de PDF, video, sonido, im\u00e1genes, entre otros, ENTORCHA no se hace responsable de los mismos y resultados adversos por el acceso o descargue de los mismos.<\/p>\n\n\n\n<p>Estas web pueden recopilar datos sobre ti, utilizar cookies, incrustar un seguimiento adicional de terceros, y supervisar tu interacci\u00f3n con ese contenido incrustado, incluido el seguimiento de tu interacci\u00f3n con el contenido incrustado si tienes una cuenta y est\u00e1s conectado a esa web.<\/p>\n\n\n\n<h2 class=\"wp-block-heading\">7. <strong>Identidades sensibles<\/strong><\/h2>\n\n\n\n<p>Reconocemos la importancia de visibilizar a dise\u00f1adores de comunidades hist\u00f3ricamente excluidas, como personas LGBTQIA+. Sin embargo, ENTORCHA nunca publicar\u00e1 informaci\u00f3n sobre identidad de g\u00e9nero, orientaci\u00f3n sexual u otros datos sensibles <strong>sin consentimiento expl\u00edcito de la persona nominada<\/strong>.<\/p>\n\n\n\n<p>Si env\u00edas una nominaci\u00f3n, confirmas que <strong>esa identidad ha sido compartida p\u00fablicamente por la persona o que cuentas con su autorizaci\u00f3n.<\/strong> <\/p>\n\n\n\n<h2 class=\"wp-block-heading\"><\/h2>\n","protected":false},"excerpt":{"rendered":"<p>Qui\u00e9nes somos La direcci\u00f3n de nuestra web es: entorcha.org. Somos un colectivo que dona su tiempo de manera voluntaria. En ENTORCHA respetamos tu privacidad y el valor de tus aportaciones a nuestro archivo comunitario del dise\u00f1o de Puerto Rico y su di\u00e1spora. 1. Datos que recopilamos Cuando llenas el formulario de nominaciones, solicitamos algunos datos [&hellip;]<\/p>\n","protected":false},"author":1,"featured_media":0,"parent":0,"menu_order":0,"comment_status":"closed","ping_status":"closed","template":"","meta":{"footnotes":""},"class_list":["post-187","page","type-page","status-publish","hentry"],"_links":{"self":[{"href":"https:\/\/entorcha.org\/entorcha\/index.php\/wp-json\/wp\/v2\/pages\/187","targetHints":{"allow":["GET"]}}],"collection":[{"href":"https:\/\/entorcha.org\/entorcha\/index.php\/wp-json\/wp\/v2\/pages"}],"about":[{"href":"https:\/\/entorcha.org\/entorcha\/index.php\/wp-json\/wp\/v2\/types\/page"}],"author":[{"embeddable":true,"href":"https:\/\/entorcha.org\/entorcha\/index.php\/wp-json\/wp\/v2\/users\/1"}],"replies":[{"embeddable":true,"href":"https:\/\/entorcha.org\/entorcha\/index.php\/wp-json\/wp\/v2\/comments?post=187"}],"version-history":[{"count":7,"href":"https:\/\/entorcha.org\/entorcha\/index.php\/wp-json\/wp\/v2\/pages\/187\/revisions"}],"predecessor-version":[{"id":11137,"href":"https:\/\/entorcha.org\/entorcha\/index.php\/wp-json\/wp\/v2\/pages\/187\/revisions\/11137"}],"wp:attachment":[{"href":"https:\/\/entorcha.org\/entorcha\/index.php\/wp-json\/wp\/v2\/media?parent=187"}],"curies":[{"name":"wp","href":"https:\/\/api.w.org\/{rel}","templated":true}]}}